{"id":2332,"date":"2024-05-14T17:25:52","date_gmt":"2024-05-14T15:25:52","guid":{"rendered":"https:\/\/centredecongressos.tecnocampus.cat\/?page_id=2332"},"modified":"2025-01-23T12:42:46","modified_gmt":"2025-01-23T10:42:46","slug":"donde-estamos","status":"publish","type":"page","link":"https:\/\/centredecongressos.tecnocampus.cat\/es\/donde-estamos\/","title":{"rendered":"Donde estamos"},"content":{"rendered":"<p>[et_pb_section fb_built=\u00bb1&#8243; _builder_version=\u00bb4.17.3&#8243; background_color=\u00bb#FFFFFF\u00bb global_colors_info=\u00bb{}\u00bb][et_pb_row _builder_version=\u00bb4.16&#8243; global_colors_info=\u00bb{}\u00bb][et_pb_column type=\u00bb4_4&#8243; _builder_version=\u00bb4.16&#8243; custom_padding=\u00bb|||\u00bb global_colors_info=\u00bb{}\u00bb custom_padding__hover=\u00bb|||\u00bb][et_pb_text _builder_version=\u00bb4.27.0&#8243; text_font=\u00bb||||||||\u00bb text_font_size=\u00bb16px\u00bb text_line_height=\u00bb2em\u00bb header_font=\u00bbUbuntu|700|||||||\u00bb header_font_size=\u00bb60px\u00bb header_line_height=\u00bb1.4em\u00bb header_3_font=\u00bbUbuntu||||||||\u00bb header_3_text_color=\u00bb#bb7860&#8243; header_3_line_height=\u00bb1.8em\u00bb max_width=\u00bb1092px\u00bb custom_margin=\u00bb|||\u00bb custom_padding=\u00bb3px|0px||||\u00bb hover_enabled=\u00bb0&#8243; text_font_size_tablet=\u00bb\u00bb text_font_size_phone=\u00bb14px\u00bb text_font_size_last_edited=\u00bbon|desktop\u00bb header_font_size_tablet=\u00bb\u00bb header_font_size_phone=\u00bb32px\u00bb header_font_size_last_edited=\u00bbon|desktop\u00bb global_colors_info=\u00bb{}\u00bb sticky_enabled=\u00bb0&#8243;]<\/p>\n<p><strong><span style=\"font-size: xx-large;\"><span style=\"color: #000000;\"><\/span><\/span><\/strong><\/p>\n<h1><strong><span style=\"font-size: xx-large;\"><span style=\"color: #000000;\">D\u00f3nde estamos:<\/span><\/span><\/strong><\/h1>\n<p>[\/et_pb_text][\/et_pb_column][\/et_pb_row][et_pb_row column_structure=\u00bb1_2,1_2&#8243; _builder_version=\u00bb4.25.1&#8243; _module_preset=\u00bbdefault\u00bb global_colors_info=\u00bb{}\u00bb][et_pb_column type=\u00bb1_2&#8243; _builder_version=\u00bb4.25.1&#8243; _module_preset=\u00bbdefault\u00bb global_colors_info=\u00bb{}\u00bb][et_pb_code _builder_version=\u00bb4.24.0&#8243; _module_preset=\u00bbdefault\u00bb border_style_all=\u00bbnone\u00bb global_colors_info=\u00bb{}\u00bb]<iframe loading=\"lazy\" style=\"border: 0;\" src=\"https:\/\/www.google.com\/maps\/embed?pb=!1m18!1m12!1m3!1d2986.9111514216347!2d2.4346766081927798!3d41.52786518093132!2m3!1f0!2f0!3f0!3m2!1i1024!2i768!4f13.1!3m3!1m2!1s0x12a4b4e4409e0875%3A0xc9fbf03a1384100b!2sFundaci%C3%B3%20TecnoCampus%20Matar%C3%B3-Maresme!5e0!3m2!1ses!2ses!4v1640171437741!5m2!1ses!2ses\" width=\"1200\" height=\"500\" allowfullscreen=\"allowfullscreen\"><\/iframe>[\/et_pb_code][\/et_pb_column][et_pb_column type=\u00bb1_2&#8243; _builder_version=\u00bb4.25.1&#8243; _module_preset=\u00bbdefault\u00bb global_colors_info=\u00bb{}\u00bb][et_pb_toggle title=\u00bbConcierta una visita personalizada con nosotros\u00bb open_toggle_text_color=\u00bb#000000&#8243; icon_color=\u00bb#E9AB00&#8243; toggle_icon=\u00bb&#x47;||divi||400&#8243; use_icon_font_size=\u00bbon\u00bb icon_font_size=\u00bb20px\u00bb open_icon_color=\u00bb#E9AB00&#8243; open_toggle_icon=\u00bb&#x46;||divi||400&#8243; open_use_icon_font_size=\u00bbon\u00bb open_icon_font_size=\u00bb20px\u00bb _builder_version=\u00bb4.25.1&#8243; _module_preset=\u00bbdefault\u00bb title_text_color=\u00bb#000000&#8243; title_font=\u00bb|600|||||||\u00bb title_font_size=\u00bb21px\u00bb body_font_size=\u00bb16px\u00bb background_color=\u00bbRGBA(255,255,255,0)\u00bb custom_padding=\u00bb1px|1px|15px|1px|false|false\u00bb border_width_all=\u00bb0px\u00bb global_colors_info=\u00bb{}\u00bb]<\/p>\n<p>Parque TecnoCampus Matar\u00f3-Maresme, Calle de Ernest Lluch, 32, 08302 Matar\u00f3, Barcelona<\/p>\n<p><span><a href=\"mailto:centrecongressosTCM@tecnocampus.cat\">centrecongressos@tecnocampus.cat<\/a><\/span><\/p>\n<p><a href=\"phone:%2093%20169%2065%2000\">+34 93 169 65 00<\/a><\/p>\n<p><a href=\"phone:%20661%20516%20375\">+34 661 516 375<\/a><\/p>\n<p>[\/et_pb_toggle][et_pb_toggle title=\u00bbC\u00f3mo llegar\u00bb open_toggle_text_color=\u00bb#000000&#8243; icon_color=\u00bb#E9AB00&#8243; toggle_icon=\u00bb&#x47;||divi||400&#8243; use_icon_font_size=\u00bbon\u00bb icon_font_size=\u00bb20px\u00bb open_icon_color=\u00bb#E9AB00&#8243; open_toggle_icon=\u00bb&#x46;||divi||400&#8243; open_use_icon_font_size=\u00bbon\u00bb open_icon_font_size=\u00bb20px\u00bb _builder_version=\u00bb4.25.1&#8243; _module_preset=\u00bbdefault\u00bb title_text_color=\u00bb#000000&#8243; title_font=\u00bb|600|||||||\u00bb title_font_size=\u00bb21px\u00bb body_font_size=\u00bb16px\u00bb background_color=\u00bbRGBA(255,255,255,0)\u00bb custom_padding=\u00bb1px|1px|15px|1px|false|false\u00bb border_width_all=\u00bb0px\u00bb global_colors_info=\u00bb{}\u00bb]<\/p>\n<p><span>Transporte P\u00fablico<\/span><\/p>\n<p><span>Cercan\u00edas<\/span> (Renfe) <span>R1 Desde Barcelona<\/span> <span>Frecuencia: 7 min<\/span><\/p>\n<p><span>Empresa Casas E11.1 Directo desde Barcelona (Pl. <\/span><span>Tetuan<\/span><span> \u2013 <\/span><span>Rda<\/span><span>. Universidad, 21) Frecuencia: 10 <\/span><span>min<\/span><\/p>\n<p><span>Empresa Casas C10 Paradas en los pueblos desde Barcelona hasta Matar\u00f3<\/span><\/p>\n<p><span>Sagal\u00e9s<\/span><span> (Bus del Vall\u00e8s) Sabadell \u2013 Granollers \u2013 Matar\u00f3 E13<\/span><\/p>\n<p>[\/et_pb_toggle][et_pb_toggle title=\u00bbEnlace con los autobuses urbanos\u00bb open_toggle_text_color=\u00bb#000000&#8243; icon_color=\u00bb#E9AB00&#8243; toggle_icon=\u00bb&#x47;||divi||400&#8243; use_icon_font_size=\u00bbon\u00bb icon_font_size=\u00bb20px\u00bb open_icon_color=\u00bb#E9AB00&#8243; open_toggle_icon=\u00bb&#x46;||divi||400&#8243; open_use_icon_font_size=\u00bbon\u00bb open_icon_font_size=\u00bb20px\u00bb _builder_version=\u00bb4.25.1&#8243; _module_preset=\u00bbdefault\u00bb title_text_color=\u00bb#000000&#8243; title_font=\u00bb|600|||||||\u00bb title_font_size=\u00bb21px\u00bb body_font_size=\u00bb16px\u00bb background_color=\u00bbRGBA(255,255,255,0)\u00bb custom_padding=\u00bb1px|1px|15px|1px|false|false\u00bb border_width_all=\u00bb0px\u00bb global_colors_info=\u00bb{}\u00bb]<\/p>\n<p><span>Estaci\u00f3n-TCM:<\/span> <span>L\u00ednea <\/span><span>1<\/span><br \/><span>TCM<\/span><span> \u2013 Estaci\u00f3: L\u00ednia 2<\/span><\/p>\n<p><span>C-10 Paradas en los pueblos desde BCN hasta Matar\u00f3<\/span><br \/><span>Tambi\u00e9n desde<\/span> <span>Llavaneres<\/span><\/p>\n<p><span>Bus desde el Vall\u00e8s<\/span><br \/><span>Sabadell-Granollers-Matar\u00f3.<\/span><\/p>\n<p>[\/et_pb_toggle][et_pb_toggle title=\u00bbDistancia en coche\u00bb open_toggle_text_color=\u00bb#000000&#8243; icon_color=\u00bb#E9AB00&#8243; toggle_icon=\u00bb&#x47;||divi||400&#8243; use_icon_font_size=\u00bbon\u00bb icon_font_size=\u00bb20px\u00bb open_icon_color=\u00bb#E9AB00&#8243; open_toggle_icon=\u00bb&#x46;||divi||400&#8243; open_use_icon_font_size=\u00bbon\u00bb open_icon_font_size=\u00bb20px\u00bb _builder_version=\u00bb4.25.1&#8243; _module_preset=\u00bbdefault\u00bb title_text_color=\u00bb#000000&#8243; title_font=\u00bb|600|||||||\u00bb title_font_size=\u00bb21px\u00bb body_font_size=\u00bb16px\u00bb background_color=\u00bbRGBA(255,255,255,0)\u00bb custom_padding=\u00bb1px|1px|1px|1px|false|false\u00bb border_width_all=\u00bb0px\u00bb global_colors_info=\u00bb{}\u00bb]<\/p>\n<p><span>Matar\u00f3- Barcelona: 25 min.<\/span><br \/><span>Matar\u00f3-Granollers: 17 min.<\/span><br \/><span>Matar\u00f3-Sabadell: 31 min.<\/span><\/p>\n<p><span>Podr\u00e1s aparcar f\u00e1cilmente en el parquing del Parque, situado en el edificio universitario. Tiene un doble acceso desde la avenida Ernest Lluch y la calle Tordera.<\/span><\/p>\n<p>[\/et_pb_toggle][\/et_pb_column][\/et_pb_row][et_pb_row _builder_version=\u00bb4.25.2&#8243; _module_preset=\u00bbdefault\u00bb global_colors_info=\u00bb{}\u00bb][et_pb_column type=\u00bb4_4&#8243; _builder_version=\u00bb4.25.2&#8243; _module_preset=\u00bbdefault\u00bb global_colors_info=\u00bb{}\u00bb][et_pb_image src=\u00bbhttp:\/\/centredecongressos.tecnocampus.cat\/wp-content\/uploads\/sites\/21\/2024\/06\/croquis-edificis-24-ES-scaled.jpg\u00bb alt=\u00bbMapa de los espacios\u00bb title_text=\u00bbMapa de los espacios\u00bb _builder_version=\u00bb4.25.2&#8243; _module_preset=\u00bbdefault\u00bb global_colors_info=\u00bb{}\u00bb][\/et_pb_image][\/et_pb_column][\/et_pb_row][\/et_pb_section][et_pb_section fb_built=\u00bb1&#8243; _builder_version=\u00bb4.16&#8243; background_color=\u00bb#E9AB00&#8243; global_colors_info=\u00bb{}\u00bb][et_pb_row admin_label=\u00bbSubscription Area\u00bb _builder_version=\u00bb4.16&#8243; custom_padding=\u00bb|||\u00bb global_colors_info=\u00bb{}\u00bb][et_pb_column type=\u00bb4_4&#8243; _builder_version=\u00bb4.16&#8243; custom_padding=\u00bb|||\u00bb global_colors_info=\u00bb{}\u00bb custom_padding__hover=\u00bb|||\u00bb][et_pb_text _builder_version=\u00bb4.16&#8243; _module_preset=\u00bbdefault\u00bb global_colors_info=\u00bb{}\u00bb]<\/p>\n<h2><span style=\"font-size: x-large;\"><\/span><\/h2>\n<h2><span style=\"font-size: x-large;\">Contacta con nosotros:<\/span><span style=\"font-size: x-large;\"><\/span><\/h2>\n<p>[\/et_pb_text][et_pb_contact_form email=\u00bbcentrecongressos@tecnocampus.cat\u00bb custom_message=\u00bbGracias por contactar en el Centro de Congresos TecnoCampus, pronto contactaremos con ustedes para darles respuesta a lo que puedan necesitar. ||et_pb_line_break_holder||||et_pb_line_break_holder||Les dades que ens han facilitat:||et_pb_line_break_holder||%%Name%%||et_pb_line_break_holder||%%Email%%||et_pb_line_break_holder||%%Message%%||et_pb_line_break_holder||||et_pb_line_break_holder||_______________||et_pb_line_break_holder||Web del Centre de Congressos del TecnoCampus \u00bb success_message=\u00bbEl mensaje se ha enviado correctamente.\u00bb submit_button_text=\u00bbEnviar\u00bb _builder_version=\u00bb4.25.1&#8243; _unique_id=\u00bb18bd094f-39f4-4799-bd6a-bdacc4afe63d\u00bb custom_button=\u00bbon\u00bb button_text_color=\u00bb#000000&#8243; button_border_color=\u00bb#000000&#8243; global_colors_info=\u00bb{}\u00bb][et_pb_contact_field field_id=\u00bbName\u00bb field_title=\u00bbNombre\u00bb _builder_version=\u00bb4.16&#8243; global_colors_info=\u00bb{}\u00bb button_text_size__hover_enabled=\u00bboff\u00bb button_one_text_size__hover_enabled=\u00bboff\u00bb button_two_text_size__hover_enabled=\u00bboff\u00bb button_text_color__hover_enabled=\u00bboff\u00bb button_one_text_color__hover_enabled=\u00bboff\u00bb button_two_text_color__hover_enabled=\u00bboff\u00bb button_border_width__hover_enabled=\u00bboff\u00bb button_one_border_width__hover_enabled=\u00bboff\u00bb button_two_border_width__hover_enabled=\u00bboff\u00bb button_border_color__hover_enabled=\u00bboff\u00bb button_one_border_color__hover_enabled=\u00bboff\u00bb button_two_border_color__hover_enabled=\u00bboff\u00bb button_border_radius__hover_enabled=\u00bboff\u00bb button_one_border_radius__hover_enabled=\u00bboff\u00bb button_two_border_radius__hover_enabled=\u00bboff\u00bb button_letter_spacing__hover_enabled=\u00bboff\u00bb button_one_letter_spacing__hover_enabled=\u00bboff\u00bb button_two_letter_spacing__hover_enabled=\u00bboff\u00bb button_bg_color__hover_enabled=\u00bboff\u00bb button_one_bg_color__hover_enabled=\u00bboff\u00bb button_two_bg_color__hover_enabled=\u00bboff\u00bb][\/et_pb_contact_field][et_pb_contact_field field_id=\u00bbEmail\u00bb field_title=\u00bbCorreo electr\u00f3nico\u00bb field_type=\u00bbemail\u00bb _builder_version=\u00bb4.16&#8243; global_colors_info=\u00bb{}\u00bb button_text_size__hover_enabled=\u00bboff\u00bb button_one_text_size__hover_enabled=\u00bboff\u00bb button_two_text_size__hover_enabled=\u00bboff\u00bb button_text_color__hover_enabled=\u00bboff\u00bb button_one_text_color__hover_enabled=\u00bboff\u00bb button_two_text_color__hover_enabled=\u00bboff\u00bb button_border_width__hover_enabled=\u00bboff\u00bb button_one_border_width__hover_enabled=\u00bboff\u00bb button_two_border_width__hover_enabled=\u00bboff\u00bb button_border_color__hover_enabled=\u00bboff\u00bb button_one_border_color__hover_enabled=\u00bboff\u00bb button_two_border_color__hover_enabled=\u00bboff\u00bb button_border_radius__hover_enabled=\u00bboff\u00bb button_one_border_radius__hover_enabled=\u00bboff\u00bb button_two_border_radius__hover_enabled=\u00bboff\u00bb button_letter_spacing__hover_enabled=\u00bboff\u00bb button_one_letter_spacing__hover_enabled=\u00bboff\u00bb button_two_letter_spacing__hover_enabled=\u00bboff\u00bb button_bg_color__hover_enabled=\u00bboff\u00bb button_one_bg_color__hover_enabled=\u00bboff\u00bb button_two_bg_color__hover_enabled=\u00bboff\u00bb][\/et_pb_contact_field][et_pb_contact_field field_id=\u00bbMessage\u00bb field_title=\u00bbMensaje\u00bb field_type=\u00bbtext\u00bb fullwidth_field=\u00bbon\u00bb _builder_version=\u00bb4.16&#8243; global_colors_info=\u00bb{}\u00bb button_text_size__hover_enabled=\u00bboff\u00bb button_one_text_size__hover_enabled=\u00bboff\u00bb button_two_text_size__hover_enabled=\u00bboff\u00bb button_text_color__hover_enabled=\u00bboff\u00bb button_one_text_color__hover_enabled=\u00bboff\u00bb button_two_text_color__hover_enabled=\u00bboff\u00bb button_border_width__hover_enabled=\u00bboff\u00bb button_one_border_width__hover_enabled=\u00bboff\u00bb button_two_border_width__hover_enabled=\u00bboff\u00bb button_border_color__hover_enabled=\u00bboff\u00bb button_one_border_color__hover_enabled=\u00bboff\u00bb button_two_border_color__hover_enabled=\u00bboff\u00bb button_border_radius__hover_enabled=\u00bboff\u00bb button_one_border_radius__hover_enabled=\u00bboff\u00bb button_two_border_radius__hover_enabled=\u00bboff\u00bb button_letter_spacing__hover_enabled=\u00bboff\u00bb button_one_letter_spacing__hover_enabled=\u00bboff\u00bb button_two_letter_spacing__hover_enabled=\u00bboff\u00bb button_bg_color__hover_enabled=\u00bboff\u00bb button_one_bg_color__hover_enabled=\u00bboff\u00bb button_two_bg_color__hover_enabled=\u00bboff\u00bb][\/et_pb_contact_field][\/et_pb_contact_form][\/et_pb_column][\/et_pb_row][\/et_pb_section]<\/p>\n","protected":false},"excerpt":{"rendered":"<p>D\u00f3nde estamos:Parque TecnoCampus Matar\u00f3-Maresme, Calle de Ernest Lluch, 32, 08302 Matar\u00f3, Barcelona centrecongressos@tecnocampus.cat +34 93 169 65 00 +34 661 516 375Transporte P\u00fablico Cercan\u00edas (Renfe) R1 Desde Barcelona Frecuencia: 7 min Empresa Casas E11.1 Directo desde Barcelona (Pl. Tetuan \u2013 Rda. Universidad, 21) Frecuencia: 10 min Empresa Casas C10 Paradas en los pueblos desde Barcelona [&hellip;]<\/p>\n","protected":false},"author":4,"featured_media":0,"parent":0,"menu_order":0,"comment_status":"closed","ping_status":"closed","template":"","meta":{"_et_pb_use_builder":"on","_et_pb_old_content":"","_et_gb_content_width":"","inline_featured_image":false,"footnotes":""},"class_list":["post-2332","page","type-page","status-publish","hentry"],"yoast_head":"<!-- This site is optimized with the Yoast SEO plugin v27.3 - https:\/\/yoast.com\/product\/yoast-seo-wordpress\/ -->\n<title>Donde estamos - Centro de Congresos del TecnoCampus<\/title>\n<meta name=\"description\" content=\"Concierte una visita personalizada. Puedes encontrarnos en el Parque TecnoCampus Matar\u00f3-Maresme, Calle de Ernest Lluch, 32, 08302 Matar\u00f3, Barcelona. Tel: 93 169 65 00\" \/>\n<meta name=\"robots\" content=\"index, follow, max-snippet:-1, max-image-preview:large, max-video-preview:-1\" \/>\n<link rel=\"canonical\" href=\"https:\/\/centredecongressos.tecnocampus.cat\/on-estem\/\" \/>\n<meta property=\"og:locale\" content=\"es_ES\" \/>\n<meta property=\"og:type\" content=\"article\" \/>\n<meta property=\"og:title\" content=\"Donde estamos - Centro de Congresos del TecnoCampus\" \/>\n<meta property=\"og:description\" content=\"Concierte una visita personalizada. Puedes encontrarnos en el Parque TecnoCampus Matar\u00f3-Maresme, Calle de Ernest Lluch, 32, 08302 Matar\u00f3, Barcelona. Tel: 93 169 65 00\" \/>\n<meta property=\"og:url\" content=\"https:\/\/centredecongressos.tecnocampus.cat\/on-estem\/\" \/>\n<meta property=\"og:site_name\" content=\"Centro de Congresos del TecnoCampus\" \/>\n<meta property=\"article:modified_time\" content=\"2025-01-23T10:42:46+00:00\" \/>\n<meta name=\"twitter:card\" content=\"summary_large_image\" \/>\n<meta name=\"twitter:label1\" content=\"Tiempo de lectura\" \/>\n\t<meta name=\"twitter:data1\" content=\"1 minuto\" \/>\n<script type=\"application\/ld+json\" class=\"yoast-schema-graph\">{\"@context\":\"https:\\\/\\\/schema.org\",\"@graph\":[{\"@type\":\"WebPage\",\"@id\":\"https:\\\/\\\/centredecongressos.tecnocampus.cat\\\/on-estem\\\/\",\"url\":\"https:\\\/\\\/centredecongressos.tecnocampus.cat\\\/on-estem\\\/\",\"name\":\"Donde estamos - Centro de Congresos del TecnoCampus\",\"isPartOf\":{\"@id\":\"https:\\\/\\\/centredecongressos.tecnocampus.cat\\\/#website\"},\"datePublished\":\"2024-05-14T15:25:52+00:00\",\"dateModified\":\"2025-01-23T10:42:46+00:00\",\"description\":\"Concierte una visita personalizada. Puedes encontrarnos en el Parque TecnoCampus Matar\u00f3-Maresme, Calle de Ernest Lluch, 32, 08302 Matar\u00f3, Barcelona. Tel: 93 169 65 00\",\"breadcrumb\":{\"@id\":\"https:\\\/\\\/centredecongressos.tecnocampus.cat\\\/on-estem\\\/#breadcrumb\"},\"inLanguage\":\"es\",\"potentialAction\":[{\"@type\":\"ReadAction\",\"target\":[\"https:\\\/\\\/centredecongressos.tecnocampus.cat\\\/on-estem\\\/\"]}]},{\"@type\":\"BreadcrumbList\",\"@id\":\"https:\\\/\\\/centredecongressos.tecnocampus.cat\\\/on-estem\\\/#breadcrumb\",\"itemListElement\":[{\"@type\":\"ListItem\",\"position\":1,\"name\":\".\",\"item\":\"https:\\\/\\\/centredecongressos.tecnocampus.cat\\\/\"},{\"@type\":\"ListItem\",\"position\":2,\"name\":\"Donde estamos\"}]},{\"@type\":\"WebSite\",\"@id\":\"https:\\\/\\\/centredecongressos.tecnocampus.cat\\\/#website\",\"url\":\"https:\\\/\\\/centredecongressos.tecnocampus.cat\\\/\",\"name\":\"Centro de Congresos del TecnoCampus\",\"description\":\"\",\"potentialAction\":[{\"@type\":\"SearchAction\",\"target\":{\"@type\":\"EntryPoint\",\"urlTemplate\":\"https:\\\/\\\/centredecongressos.tecnocampus.cat\\\/?s={search_term_string}\"},\"query-input\":{\"@type\":\"PropertyValueSpecification\",\"valueRequired\":true,\"valueName\":\"search_term_string\"}}],\"inLanguage\":\"es\"}]}<\/script>\n<!-- \/ Yoast SEO plugin. -->","yoast_head_json":{"title":"Donde estamos - Centro de Congresos del TecnoCampus","description":"Concierte una visita personalizada. Puedes encontrarnos en el Parque TecnoCampus Matar\u00f3-Maresme, Calle de Ernest Lluch, 32, 08302 Matar\u00f3, Barcelona. Tel: 93 169 65 00","robots":{"index":"index","follow":"follow","max-snippet":"max-snippet:-1","max-image-preview":"max-image-preview:large","max-video-preview":"max-video-preview:-1"},"canonical":"https:\/\/centredecongressos.tecnocampus.cat\/on-estem\/","og_locale":"es_ES","og_type":"article","og_title":"Donde estamos - Centro de Congresos del TecnoCampus","og_description":"Concierte una visita personalizada. Puedes encontrarnos en el Parque TecnoCampus Matar\u00f3-Maresme, Calle de Ernest Lluch, 32, 08302 Matar\u00f3, Barcelona. Tel: 93 169 65 00","og_url":"https:\/\/centredecongressos.tecnocampus.cat\/on-estem\/","og_site_name":"Centro de Congresos del TecnoCampus","article_modified_time":"2025-01-23T10:42:46+00:00","twitter_card":"summary_large_image","twitter_misc":{"Tiempo de lectura":"1 minuto"},"schema":{"@context":"https:\/\/schema.org","@graph":[{"@type":"WebPage","@id":"https:\/\/centredecongressos.tecnocampus.cat\/on-estem\/","url":"https:\/\/centredecongressos.tecnocampus.cat\/on-estem\/","name":"Donde estamos - Centro de Congresos del TecnoCampus","isPartOf":{"@id":"https:\/\/centredecongressos.tecnocampus.cat\/#website"},"datePublished":"2024-05-14T15:25:52+00:00","dateModified":"2025-01-23T10:42:46+00:00","description":"Concierte una visita personalizada. Puedes encontrarnos en el Parque TecnoCampus Matar\u00f3-Maresme, Calle de Ernest Lluch, 32, 08302 Matar\u00f3, Barcelona. Tel: 93 169 65 00","breadcrumb":{"@id":"https:\/\/centredecongressos.tecnocampus.cat\/on-estem\/#breadcrumb"},"inLanguage":"es","potentialAction":[{"@type":"ReadAction","target":["https:\/\/centredecongressos.tecnocampus.cat\/on-estem\/"]}]},{"@type":"BreadcrumbList","@id":"https:\/\/centredecongressos.tecnocampus.cat\/on-estem\/#breadcrumb","itemListElement":[{"@type":"ListItem","position":1,"name":".","item":"https:\/\/centredecongressos.tecnocampus.cat\/"},{"@type":"ListItem","position":2,"name":"Donde estamos"}]},{"@type":"WebSite","@id":"https:\/\/centredecongressos.tecnocampus.cat\/#website","url":"https:\/\/centredecongressos.tecnocampus.cat\/","name":"Centro de Congresos del TecnoCampus","description":"","potentialAction":[{"@type":"SearchAction","target":{"@type":"EntryPoint","urlTemplate":"https:\/\/centredecongressos.tecnocampus.cat\/?s={search_term_string}"},"query-input":{"@type":"PropertyValueSpecification","valueRequired":true,"valueName":"search_term_string"}}],"inLanguage":"es"}]}},"_links":{"self":[{"href":"https:\/\/centredecongressos.tecnocampus.cat\/es\/wp-json\/wp\/v2\/pages\/2332\/"}],"collection":[{"href":"https:\/\/centredecongressos.tecnocampus.cat\/es\/wp-json\/wp\/v2\/pages\/"}],"about":[{"href":"https:\/\/centredecongressos.tecnocampus.cat\/es\/wp-json\/wp\/v2\/types\/page\/"}],"author":[{"embeddable":true,"href":"https:\/\/centredecongressos.tecnocampus.cat\/es\/wp-json\/wp\/v2\/users\/4\/"}],"replies":[{"embeddable":true,"href":"https:\/\/centredecongressos.tecnocampus.cat\/es\/wp-json\/wp\/v2\/comments\/?post=2332"}],"version-history":[{"count":24,"href":"https:\/\/centredecongressos.tecnocampus.cat\/es\/wp-json\/wp\/v2\/pages\/2332\/revisions\/"}],"predecessor-version":[{"id":3426,"href":"https:\/\/centredecongressos.tecnocampus.cat\/es\/wp-json\/wp\/v2\/pages\/2332\/revisions\/3426\/"}],"wp:attachment":[{"href":"https:\/\/centredecongressos.tecnocampus.cat\/es\/wp-json\/wp\/v2\/media\/?parent=2332"}],"curies":[{"name":"wp","href":"https:\/\/api.w.org\/{rel}","templated":true}]}}